{"id":292,"date":"2021-08-02T02:21:18","date_gmt":"2021-08-02T02:21:18","guid":{"rendered":"https:\/\/poole.ncsu.edu\/globalnew\/?page_id=292"},"modified":"2023-11-21T18:16:24","modified_gmt":"2023-11-21T18:16:24","slug":"latam","status":"publish","type":"page","link":"https:\/\/poole.ncsu.edu\/global\/study-abroad\/undergraduate-programs\/semester-and-year-long-programs\/latam\/","title":{"rendered":"Latin America"},"content":{"rendered":"\n\n\n\n\n<h2 class=\"wp-block-heading\">Argentina: Universidad de San Andr\u00e9s<\/h2>\n\n\n\n<figure class=\"wp-block-image size-large\"><img loading=\"lazy\" decoding=\"async\" width=\"1024\" height=\"643\" src=\"https:\/\/poole.ncsu.edu\/global\/wp-content\/uploads\/sites\/422\/2021\/09\/Buneos-Aires-edited-1024x643.jpeg\" alt=\"Buenos Aires, Argentina\" class=\"wp-image-1478\" srcset=\"https:\/\/poole.ncsu.edu\/global\/wp-content\/uploads\/sites\/422\/2021\/09\/Buneos-Aires-edited-1024x643.jpeg 1024w, https:\/\/poole.ncsu.edu\/global\/wp-content\/uploads\/sites\/422\/2021\/09\/Buneos-Aires-edited-300x188.jpeg 300w, https:\/\/poole.ncsu.edu\/global\/wp-content\/uploads\/sites\/422\/2021\/09\/Buneos-Aires-edited-768x482.jpeg 768w, https:\/\/poole.ncsu.edu\/global\/wp-content\/uploads\/sites\/422\/2021\/09\/Buneos-Aires-edited.jpeg 1433w\" sizes=\"auto, (max-width: 1024px) 100vw, 1024px\" \/><figcaption class=\"wp-element-caption\">Buenos Aires, Argentina<\/figcaption><\/figure>\n\n\n\n<p>La Universidad de San Andr\u00e9s is a small private university with approximately 900 undergraduate students. The main campus is located in Victoria, San Fernando Partido, which is a northern suburb of Buenos Aires that borders the Rio de la Plata.<\/p>\n\n\n<div class=\"wp-block-ncst-buttons\"><div class=\"wp-block-ncst-button\"><a href=\"https:\/\/packabroad.ncsu.edu\/index.cfm?FuseAction=Programs.ViewProgram&amp;Program_ID=3641\" class=\"btn ncst-block__button-link\" data-ncst-lightbox=\"false\" data-ua-cat=\"Button Block\" data-ua-action=\"Button Click\" data-ua-label=\"https:\/\/packabroad.ncsu.edu\/index.cfm?FuseAction=Programs.ViewProgram&amp;Program_ID=3641\"><span class=\"text\">Learn more on PackAbroad<\/span><span class=\"arrow-indicator\"><svg \n\tclass=\"wolficon wolficon-arrow-right-bold\"\n\trole=\"img\"\n\taria-hidden=\"1\">\n\t\t<use xlink:href=\"#wolficon-arrow-right-bold\"><\/use>\n<\/svg>\n<\/span><\/a><\/div>\n\n<\/div>\n\n\n\n\n<h2 class=\"wp-block-heading\">Chile: Universidad Adolfo Ib\u00e1\u00f1ez<\/h2>\n\n\n\n<figure class=\"wp-block-image size-large\"><img loading=\"lazy\" decoding=\"async\" width=\"1024\" height=\"637\" src=\"https:\/\/poole.ncsu.edu\/global\/wp-content\/uploads\/sites\/422\/2021\/09\/Vina-del-mar-edited-1536x956-1-1024x637.jpeg\" alt=\"Vi\u00f1a del Mar, Chile\" class=\"wp-image-1482\" srcset=\"https:\/\/poole.ncsu.edu\/global\/wp-content\/uploads\/sites\/422\/2021\/09\/Vina-del-mar-edited-1536x956-1-1024x637.jpeg 1024w, https:\/\/poole.ncsu.edu\/global\/wp-content\/uploads\/sites\/422\/2021\/09\/Vina-del-mar-edited-1536x956-1-300x187.jpeg 300w, https:\/\/poole.ncsu.edu\/global\/wp-content\/uploads\/sites\/422\/2021\/09\/Vina-del-mar-edited-1536x956-1-768x478.jpeg 768w, https:\/\/poole.ncsu.edu\/global\/wp-content\/uploads\/sites\/422\/2021\/09\/Vina-del-mar-edited-1536x956-1.jpeg 1536w\" sizes=\"auto, (max-width: 1024px) 100vw, 1024px\" \/><figcaption class=\"wp-element-caption\">Vi\u00f1a del Mar, Chile<\/figcaption><\/figure>\n\n\n\n<p>Located in Vi\u00f1a del Mar, the Universidad Adolfo Ib\u00e1\u00f1ez is a private university with around 6,300 undergraduate students. Vi\u00f1a del Mar is a modern city on the coast of the Pacific Ocean with a population of 300,000. The Recreo campus offers a panoramic view of both the city and ocean and was designed to create an optimal academic atmosphere.<\/p>\n\n\n<div class=\"wp-block-ncst-buttons\"><div class=\"wp-block-ncst-button\"><a href=\"http:\/\/packabroad.ncsu.edu\/index.cfm?FuseAction=Programs.ViewProgram&amp;Program_ID=3606\" class=\"btn ncst-block__button-link\" data-ncst-lightbox=\"false\" data-ua-cat=\"Button Block\" data-ua-action=\"Button Click\" data-ua-label=\"http:\/\/packabroad.ncsu.edu\/index.cfm?FuseAction=Programs.ViewProgram&amp;Program_ID=3606\"><span class=\"text\">Learn more on PackAbroad<\/span><span class=\"arrow-indicator\"><svg \n\tclass=\"wolficon wolficon-arrow-right-bold\"\n\trole=\"img\"\n\taria-hidden=\"1\">\n\t\t<use xlink:href=\"#wolficon-arrow-right-bold\"><\/use>\n<\/svg>\n<\/span><\/a><\/div>\n\n<\/div>\n\n\n\n\n<h2 class=\"wp-block-heading\">Ecuador: Universidad San Francisco de Quito<\/h2>\n\n\n\n<figure class=\"wp-block-image size-large\"><img loading=\"lazy\" decoding=\"async\" width=\"1024\" height=\"643\" src=\"https:\/\/poole.ncsu.edu\/global\/wp-content\/uploads\/sites\/422\/2021\/09\/Quito-edited-1024x643.jpeg\" alt=\"Quito, Ecuador\" class=\"wp-image-1480\" srcset=\"https:\/\/poole.ncsu.edu\/global\/wp-content\/uploads\/sites\/422\/2021\/09\/Quito-edited-1024x643.jpeg 1024w, https:\/\/poole.ncsu.edu\/global\/wp-content\/uploads\/sites\/422\/2021\/09\/Quito-edited-300x188.jpeg 300w, https:\/\/poole.ncsu.edu\/global\/wp-content\/uploads\/sites\/422\/2021\/09\/Quito-edited-768x483.jpeg 768w, https:\/\/poole.ncsu.edu\/global\/wp-content\/uploads\/sites\/422\/2021\/09\/Quito-edited.jpeg 1251w\" sizes=\"auto, (max-width: 1024px) 100vw, 1024px\" \/><figcaption class=\"wp-element-caption\">Quito, Ecuador<\/figcaption><\/figure>\n\n\n\n<p>The Universidad San Francisco de Quito is a private liberal arts university with an undergraduate population of 4,500 students. Located in Cumbay\u00e1, the school borders the capital city of Ecuador and is close to the Guayllabamba River Basin and the Andes Mountains.<\/p>\n\n\n<div class=\"wp-block-ncst-buttons\"><div class=\"wp-block-ncst-button\"><a href=\"http:\/\/packabroad.ncsu.edu\/index.cfm?FuseAction=Programs.ViewProgram&amp;Program_ID=1228\" class=\"btn ncst-block__button-link\" data-ncst-lightbox=\"false\" data-ua-cat=\"Button Block\" data-ua-action=\"Button Click\" data-ua-label=\"http:\/\/packabroad.ncsu.edu\/index.cfm?FuseAction=Programs.ViewProgram&amp;Program_ID=1228\"><span class=\"text\">Learn more on PackAbroad<\/span><span class=\"arrow-indicator\"><svg \n\tclass=\"wolficon wolficon-arrow-right-bold\"\n\trole=\"img\"\n\taria-hidden=\"1\">\n\t\t<use xlink:href=\"#wolficon-arrow-right-bold\"><\/use>\n<\/svg>\n<\/span><\/a><\/div>\n\n<\/div>\n\n\n\n\n<h2 class=\"wp-block-heading\">Mexico: Universidad de las Am\u00e9ricas Puebla<\/h2>\n\n\n\n<figure class=\"wp-block-image size-full\"><img loading=\"lazy\" decoding=\"async\" width=\"850\" height=\"478\" src=\"https:\/\/poole.ncsu.edu\/global\/wp-content\/uploads\/sites\/422\/2021\/09\/68683865_s-Cholula-Puebla-Mexico-850x478-1.jpg\" alt=\"Cholula Puebla, Mexico\" class=\"wp-image-1858\" srcset=\"https:\/\/poole.ncsu.edu\/global\/wp-content\/uploads\/sites\/422\/2021\/09\/68683865_s-Cholula-Puebla-Mexico-850x478-1.jpg 850w, https:\/\/poole.ncsu.edu\/global\/wp-content\/uploads\/sites\/422\/2021\/09\/68683865_s-Cholula-Puebla-Mexico-850x478-1-300x169.jpg 300w, https:\/\/poole.ncsu.edu\/global\/wp-content\/uploads\/sites\/422\/2021\/09\/68683865_s-Cholula-Puebla-Mexico-850x478-1-768x432.jpg 768w\" sizes=\"auto, (max-width: 850px) 100vw, 850px\" \/><figcaption class=\"wp-element-caption\">Cholula Puebla, Mexico<\/figcaption><\/figure>\n\n\n\n<p>La Universidad de las Am\u00e9ricas Puebla is a prestigious private university located in close proximity to both downtown Puebla and downtown Cholula. The school has approximately 8,000 undergraduate students and hosts a large number of exchange students each year.<\/p>\n\n\n<div class=\"wp-block-ncst-buttons\"><div class=\"wp-block-ncst-button\"><a href=\"http:\/\/packabroad.ncsu.edu\/index.cfm?FuseAction=Programs.ViewProgram&amp;Program_ID=3565\" class=\"btn ncst-block__button-link\" data-ncst-lightbox=\"false\" data-ua-cat=\"Button Block\" data-ua-action=\"Button Click\" data-ua-label=\"http:\/\/packabroad.ncsu.edu\/index.cfm?FuseAction=Programs.ViewProgram&amp;Program_ID=3565\"><span class=\"text\">Learn more on PackAbroad<\/span><span class=\"arrow-indicator\"><svg \n\tclass=\"wolficon wolficon-arrow-right-bold\"\n\trole=\"img\"\n\taria-hidden=\"1\">\n\t\t<use xlink:href=\"#wolficon-arrow-right-bold\"><\/use>\n<\/svg>\n<\/span><\/a><\/div>\n\n<\/div>\n\n\n\n<ul class=\"wp-block-ncst-link-list ncst-link-list layout-one-column\"><h2 class=\"link-list-section__heading\">Related Content<\/h2><div class=\"link-list__container\"><li class=\"ncst-component__bold-link-container wp-block-ncst-bold-link\">\n      <a \n      href=\"https:\/\/poole.ncsu.edu\/global\/connect\/faculty-profiles\/megan-van-hook\/\"\n      class=\"ncst-component__bold-link text-link\"\n                >\n    <span class=\"text\">Faculty Profile: Megan Van Hook (Quito, Ecuador)<\/span><span class=\"arrow-indicator\"><svg class=\"wolficon wolficon-arrow-right-bold\" role=\"img\"  aria-hidden=\"true\">\n\t\t\t\n\t\t\t<use xlink:href=\"#wolficon-arrow-right-bold\">\n\t\t<\/svg><\/span>\n    <\/a>\n      <\/li>\n  <\/div><\/ul>\n\n","protected":false},"excerpt":{"rendered":"<p>Argentina: Universidad de San Andr\u00e9s La Universidad de San Andr\u00e9s is a small private university with approximately 900 undergraduate students. The main campus is located in Victoria, San Fernando Partido,&hellip;<\/p>\n","protected":false},"author":0,"featured_media":0,"parent":44,"menu_order":11,"comment_status":"closed","ping_status":"closed","template":"","meta":{"_acf_changed":false,"source":"","ncst_custom_author":"","ncst_show_custom_author":false,"ncst_dynamicHeaderBlockName":"ncst\/default-header","ncst_dynamicHeaderData":"{\"pageIntro\":\"View recommended options for Poole College of Management students below. For more information on academic planning and courses offered at each institution, visit the <a rel=\\\"noreferrer noopener\\\" href=\\\"https:\/\/poole.ncsu.edu\/global\/study-abroad\/undergraduate-programs\/semester-and-year-long-programs\/academic-course-planning\/\\\" target=\\\"_blank\\\">Academic Course Planning<\/a> page.\"}","ncst_content_audit_freq":"","ncst_content_audit_date":"","ncst_content_audit_display":false,"ncst_backToTopFlag":"","footnotes":""},"class_list":["post-292","page","type-page","status-publish","hentry"],"acf":[],"_links":{"self":[{"href":"https:\/\/poole.ncsu.edu\/global\/wp-json\/wp\/v2\/pages\/292","targetHints":{"allow":["GET"]}}],"collection":[{"href":"https:\/\/poole.ncsu.edu\/global\/wp-json\/wp\/v2\/pages"}],"about":[{"href":"https:\/\/poole.ncsu.edu\/global\/wp-json\/wp\/v2\/types\/page"}],"replies":[{"embeddable":true,"href":"https:\/\/poole.ncsu.edu\/global\/wp-json\/wp\/v2\/comments?post=292"}],"version-history":[{"count":10,"href":"https:\/\/poole.ncsu.edu\/global\/wp-json\/wp\/v2\/pages\/292\/revisions"}],"predecessor-version":[{"id":5557,"href":"https:\/\/poole.ncsu.edu\/global\/wp-json\/wp\/v2\/pages\/292\/revisions\/5557"}],"up":[{"embeddable":true,"href":"https:\/\/poole.ncsu.edu\/global\/wp-json\/wp\/v2\/pages\/44"}],"wp:attachment":[{"href":"https:\/\/poole.ncsu.edu\/global\/wp-json\/wp\/v2\/media?parent=292"}],"curies":[{"name":"wp","href":"https:\/\/api.w.org\/{rel}","templated":true}]}}